{"id":2784,"date":"2026-03-24T08:33:06","date_gmt":"2026-03-24T08:33:06","guid":{"rendered":"https:\/\/gasboosterpump.com\/?page_id=2784"},"modified":"2026-03-24T08:33:06","modified_gmt":"2026-03-24T08:33:06","slug":"privacy-policy","status":"publish","type":"page","link":"https:\/\/gasboosterpump.com\/es\/privacy-policy\/","title":{"rendered":"Pol\u00edtica de privacidad"},"content":{"rendered":"<h2 class=\"wp-block-heading\">Qui\u00e9nes somos<\/h2>\r\n\r\n\r\n\r\n<p><strong class=\"privacy-policy-tutorial\">Texto sugerido: <\/strong>Nuestra direcci\u00f3n web es: https:\/\/gasboosterpump.com.<\/p>\r\n\r\n\r\n\r\n<h2 class=\"wp-block-heading\">Comentarios<\/h2>\r\n\r\n\r\n\r\n<p><strong class=\"privacy-policy-tutorial\">Texto sugerido: <\/strong>Cuando los visitantes dejan comentarios en el sitio, recopilamos los datos que se muestran en el formulario de comentarios, as\u00ed como la direcci\u00f3n IP del visitante y la cadena del agente de usuario del navegador para ayudar a la detecci\u00f3n de spam.<\/p>\r\n\r\n\r\n\r\n<p>Una cadena anonimizida creada a partir de su direcci\u00f3n de correo electr\u00f3nico (tambi\u00e9n llamada hash) puede ser proporcionada al servicio Gravatar para ver si lo est\u00e1 utilizando. La pol\u00edtica de privacidad del servicio Gravatar est\u00e1 disponible aqu\u00ed: https:\/\/automattic.com\/privacy\/. Despu\u00e9s de la aprobaci\u00f3n de su comentario, su foto de perfil es visible al p\u00fablico en el contexto de su comentario.<\/p>\r\n\r\n\r\n\r\n<h2 class=\"wp-block-heading\">Medios<\/h2>\r\n\r\n\r\n\r\n<p><strong class=\"privacy-policy-tutorial\">Texto sugerido: <\/strong>Si sube im\u00e1genes al sitio web, debe evitar subir im\u00e1genes con datos de ubicaci\u00f3n incrustados (EXIF GPS) incluidos. Los visitantes del sitio web pueden descargar y extraer cualquier dato de ubicaci\u00f3n de las im\u00e1genes en el sitio web.<\/p>\r\n\r\n\r\n\r\n<h2 class=\"wp-block-heading\">Cookies<\/h2>\r\n\r\n\r\n\r\n<p><strong class=\"privacy-policy-tutorial\">Texto sugerido: <\/strong>Si deja un comentario en nuestro sitio, puede optar por guardar su nombre, direcci\u00f3n de correo electr\u00f3nico y sitio web en cookies. Estos son para su conveniencia para que no tenga que completar sus datos nuevamente cuando deje otro comentario. Estas cookies durar\u00e1n un a\u00f1o.<\/p>\r\n\r\n\r\n\r\n<p>Si visita nuestra p\u00e1gina de inicio de sesi\u00f3n, estableceremos una cookie temporal para determinar si su navegador acepta cookies. Esta cookie no contiene datos personales y se descarta cuando cierra su navegador.<\/p>\r\n\r\n\r\n\r\n<p>Cuando inicie sesi\u00f3n, tambi\u00e9n configuraremos varias cookies para guardar su informaci\u00f3n de inicio de sesi\u00f3n y sus opciones de visualizaci\u00f3n de pantalla. Las cookies de inicio de sesi\u00f3n duran dos d\u00edas, y las cookies de opciones de pantalla duran un a\u00f1o. Si selecciona \u201cRecu\u00e9rdame\u201d, su inicio de sesi\u00f3n persistir\u00e1 durante dos semanas. Si cierra sesi\u00f3n en su cuenta, las cookies de inicio de sesi\u00f3n se eliminar\u00e1n.<\/p>\r\n\r\n\r\n\r\n<p>Si edita o publica un art\u00edculo, se guardar\u00e1 una cookie adicional en su navegador. Esta cookie no incluye datos personales y simplemente indica el ID de publicaci\u00f3n del art\u00edculo que acaba de editar. Expira despu\u00e9s de 1 d\u00eda.<\/p>\r\n\r\n\r\n\r\n<h2 class=\"wp-block-heading\">Contenido incrustado de otros sitios web<\/h2>\r\n\r\n\r\n\r\n<p><strong class=\"privacy-policy-tutorial\">Texto sugerido: <\/strong>Los art\u00edculos en este sitio pueden incluir contenido incrustado (por ejemplo, videos, im\u00e1genes, art\u00edculos, etc.). El contenido incrustado de otros sitios web se comporta exactamente igual que si el visitante hubiera visitado el otro sitio web.<\/p>\r\n\r\n\r\n\r\n<p>Estos sitios web pueden recopilar datos sobre usted, usar cookies, incrustar seguimiento adicional de terceros y monitorear su interacci\u00f3n con ese contenido incrustado, incluidos el seguimiento de su interacci\u00f3n con el contenido incrustado si tiene una cuenta y ha iniciado sesi\u00f3n en ese sitio web.<\/p>\r\n\r\n\r\n\r\n<h2 class=\"wp-block-heading\">Con qui\u00e9n compartimos sus datos<\/h2>\r\n\r\n\r\n\r\n<p><strong class=\"privacy-policy-tutorial\">Texto sugerido: <\/strong>Si solicita un restablecimiento de contrase\u00f1a, su direcci\u00f3n IP se incluir\u00e1 en el correo electr\u00f3nico de restablecimiento.<\/p>\r\n\r\n\r\n\r\n<h2 class=\"wp-block-heading\">Cu\u00e1nto tiempo conservamos sus datos<\/h2>\r\n\r\n\r\n\r\n<p><strong class=\"privacy-policy-tutorial\">Texto sugerido: <\/strong>Si deja un comentario, el comentario y sus metadatos se conservan indefinidamente. Esto es para que podamos reconocer y aprobar autom\u00e1ticamente cualquier comentario de seguimiento en lugar de mantenerlos en una cola de moderaci\u00f3n.<\/p>\r\n\r\n\r\n\r\n<p>Para los usuarios que se registran en nuestro sitio web (si los hay), tambi\u00e9n almacenamos la informaci\u00f3n personal que proporcionan en su perfil de usuario. Todos los usuarios pueden ver, editar o eliminar su informaci\u00f3n personal en cualquier momento (excepto que no pueden cambiar su nombre de usuario). Los administradores del sitio web tambi\u00e9n pueden ver y editar esa informaci\u00f3n.<\/p>\r\n\r\n\r\n\r\n<h2 class=\"wp-block-heading\">Qu\u00e9 derechos tiene sobre sus datos<\/h2>\r\n\r\n\r\n\r\n<p><strong class=\"privacy-policy-tutorial\">Texto sugerido: <\/strong>Si tiene una cuenta en este sitio, o ha dejado comentarios, puede solicitar recibir un archivo exportado de los datos personales que tenemos sobre usted, incluidos los datos que nos ha proporcionado. Tambi\u00e9n puede solicitar que borremos cualquier dato personal que tengamos sobre usted. Esto no incluye ning\u00fan dato que estemos obligados a conservar por motivos administrativos, legales o de seguridad.<\/p>\r\n\r\n\r\n\r\n<h2 class=\"wp-block-heading\">D\u00f3nde se env\u00edan sus datos<\/h2>\r\n\r\n\r\n\r\n<p><strong class=\"privacy-policy-tutorial\">Texto sugerido: <\/strong>Los comentarios de los visitantes pueden ser revisados a trav\u00e9s de un servicio automatizado de detecci\u00f3n de spam.<\/p>\r\n\r\n<p>&nbsp;<\/p>","protected":false},"excerpt":{"rendered":"<p>Who we are Suggested text: Our website address is: https:\/\/gasboosterpump.com. Comments Suggested text: When visitors leave comments on the site we collect the data shown in the comments form, and also the visitor\u2019s IP address and browser user agent string to help spam detection. An anonymized string created from your email address (also called a [&hellip;]<\/p>\n","protected":false},"author":1,"featured_media":0,"parent":0,"menu_order":0,"comment_status":"closed","ping_status":"closed","template":"privacy.php","meta":{"_acf_changed":false,"footnotes":""},"class_list":["post-2784","page","type-page","status-publish","hentry"],"acf":[],"_links":{"self":[{"href":"https:\/\/gasboosterpump.com\/es\/wp-json\/wp\/v2\/pages\/2784","targetHints":{"allow":["GET"]}}],"collection":[{"href":"https:\/\/gasboosterpump.com\/es\/wp-json\/wp\/v2\/pages"}],"about":[{"href":"https:\/\/gasboosterpump.com\/es\/wp-json\/wp\/v2\/types\/page"}],"author":[{"embeddable":true,"href":"https:\/\/gasboosterpump.com\/es\/wp-json\/wp\/v2\/users\/1"}],"replies":[{"embeddable":true,"href":"https:\/\/gasboosterpump.com\/es\/wp-json\/wp\/v2\/comments?post=2784"}],"version-history":[{"count":1,"href":"https:\/\/gasboosterpump.com\/es\/wp-json\/wp\/v2\/pages\/2784\/revisions"}],"predecessor-version":[{"id":2785,"href":"https:\/\/gasboosterpump.com\/es\/wp-json\/wp\/v2\/pages\/2784\/revisions\/2785"}],"wp:attachment":[{"href":"https:\/\/gasboosterpump.com\/es\/wp-json\/wp\/v2\/media?parent=2784"}],"curies":[{"name":"wp","href":"https:\/\/api.w.org\/{rel}","templated":true}]}}