{"id":2784,"date":"2026-03-24T08:33:06","date_gmt":"2026-03-24T08:33:06","guid":{"rendered":"https:\/\/gasboosterpump.com\/?page_id=2784"},"modified":"2026-03-24T08:33:06","modified_gmt":"2026-03-24T08:33:06","slug":"privacy-policy","status":"publish","type":"page","link":"https:\/\/gasboosterpump.com\/vi\/privacy-policy\/","title":{"rendered":"Ch\u00ednh s\u00e1ch b\u1ea3o m\u1eadt"},"content":{"rendered":"<h2 class=\"wp-block-heading\">Ch\u00fang t\u00f4i l\u00e0 ai<\/h2>\r\n\r\n\r\n\r\n<p><strong class=\"privacy-policy-tutorial\">V\u0103n b\u1ea3n g\u1ee3i \u00fd: <\/strong>\u0110\u1ecba ch\u1ec9 trang web c\u1ee7a ch\u00fang t\u00f4i l\u00e0: https:\/\/gasboosterpump.com.<\/p>\r\n\r\n\r\n\r\n<h2 class=\"wp-block-heading\">B\u00ecnh lu\u1eadn<\/h2>\r\n\r\n\r\n\r\n<p><strong class=\"privacy-policy-tutorial\">V\u0103n b\u1ea3n g\u1ee3i \u00fd: <\/strong>Khi kh\u00e1ch truy c\u1eadp \u0111\u1ec3 l\u1ea1i b\u00ecnh lu\u1eadn tr\u00ean trang, ch\u00fang t\u00f4i thu th\u1eadp d\u1eef li\u1ec7u \u0111\u01b0\u1ee3c hi\u1ec3n th\u1ecb trong m\u1eabu b\u00ecnh lu\u1eadn, v\u00e0 c\u0169ng \u0111\u1ecba ch\u1ec9 IP c\u1ee7a kh\u00e1ch truy c\u1eadp v\u00e0 chu\u1ed7i \u0111\u1ea1i di\u1ec7n ng\u01b0\u1eddi d\u00f9ng tr\u00ecnh duy\u1ec7t \u0111\u1ec3 gi\u00fap ph\u00e1t hi\u1ec7n spam.<\/p>\r\n\r\n\r\n\r\n<p>M\u1ed9t chu\u1ed7i \u1ea9n danh \u0111\u01b0\u1ee3c t\u1ea1o ra t\u1eeb \u0111\u1ecba ch\u1ec9 email c\u1ee7a b\u1ea1n (c\u00f2n g\u1ecdi l\u00e0 hash) c\u00f3 th\u1ec3 \u0111\u01b0\u1ee3c cung c\u1ea5p cho d\u1ecbch v\u1ee5 Gravatar \u0111\u1ec3 xem b\u1ea1n c\u00f3 \u0111ang s\u1eed d\u1ee5ng n\u00f3 kh\u00f4ng. Ch\u00ednh s\u00e1ch quy\u1ec1n ri\u00eang t\u01b0 c\u1ee7a d\u1ecbch v\u1ee5 Gravatar c\u00f3 s\u1eb5n \u1edf \u0111\u00e2y: https:\/\/automattic.com\/privacy\/. Sau khi b\u00ecnh lu\u1eadn c\u1ee7a b\u1ea1n \u0111\u01b0\u1ee3c ph\u00ea duy\u1ec7t, \u1ea3nh \u0111\u1ea1i di\u1ec7n c\u1ee7a b\u1ea1n s\u1ebd hi\u1ec3n th\u1ecb c\u00f4ng khai trong b\u1ed1i c\u1ea3nh b\u00ecnh lu\u1eadn c\u1ee7a b\u1ea1n.<\/p>\r\n\r\n\r\n\r\n<h2 class=\"wp-block-heading\">Truy\u1ec1n th\u00f4ng<\/h2>\r\n\r\n\r\n\r\n<p><strong class=\"privacy-policy-tutorial\">V\u0103n b\u1ea3n g\u1ee3i \u00fd: <\/strong>N\u1ebfu b\u1ea1n t\u1ea3i \u1ea3nh l\u00ean trang web, b\u1ea1n n\u00ean tr\u00e1nh t\u1ea3i \u1ea3nh c\u00f3 d\u1eef li\u1ec7u v\u1ecb tr\u00ed nh\u00fang (EXIF GPS). Kh\u00e1ch truy c\u1eadp v\u00e0o trang web c\u00f3 th\u1ec3 t\u1ea3i xu\u1ed1ng v\u00e0 tr\u00edch xu\u1ea5t b\u1ea5t k\u1ef3 d\u1eef li\u1ec7u v\u1ecb tr\u00ed n\u00e0o t\u1eeb c\u00e1c \u1ea3nh tr\u00ean trang web.<\/p>\r\n\r\n\r\n\r\n<h2 class=\"wp-block-heading\">Cookies<\/h2>\r\n\r\n\r\n\r\n<p><strong class=\"privacy-policy-tutorial\">V\u0103n b\u1ea3n g\u1ee3i \u00fd: <\/strong>N\u1ebfu b\u1ea1n \u0111\u1ec3 l\u1ea1i m\u1ed9t b\u00ecnh lu\u1eadn tr\u00ean trang web c\u1ee7a ch\u00fang t\u00f4i, b\u1ea1n c\u00f3 th\u1ec3 ch\u1ecdn l\u01b0u t\u00ean, \u0111\u1ecba ch\u1ec9 email v\u00e0 trang web c\u1ee7a b\u1ea1n trong cookies. \u0110\u00e2y l\u00e0 \u0111\u1ec3 ti\u1ec7n l\u1ee3i cho b\u1ea1n \u0111\u1ec3 b\u1ea1n kh\u00f4ng ph\u1ea3i \u0111i\u1ec1n l\u1ea1i th\u00f4ng tin c\u1ee7a m\u00ecnh khi \u0111\u1ec3 l\u1ea1i b\u00ecnh lu\u1eadn kh\u00e1c. C\u00e1c cookie n\u00e0y s\u1ebd t\u1ed3n t\u1ea1i trong m\u1ed9t n\u0103m.<\/p>\r\n\r\n\r\n\r\n<p>N\u1ebfu b\u1ea1n truy c\u1eadp trang \u0111\u0103ng nh\u1eadp c\u1ee7a ch\u00fang t\u00f4i, ch\u00fang t\u00f4i s\u1ebd thi\u1ebft l\u1eadp m\u1ed9t cookie t\u1ea1m th\u1eddi \u0111\u1ec3 x\u00e1c \u0111\u1ecbnh xem tr\u00ecnh duy\u1ec7t c\u1ee7a b\u1ea1n c\u00f3 ch\u1ea5p nh\u1eadn cookie hay kh\u00f4ng. Cookie n\u00e0y kh\u00f4ng ch\u1ee9a d\u1eef li\u1ec7u c\u00e1 nh\u00e2n v\u00e0 s\u1ebd b\u1ecb x\u00f3a khi b\u1ea1n \u0111\u00f3ng tr\u00ecnh duy\u1ec7t.<\/p>\r\n\r\n\r\n\r\n<p>Khi b\u1ea1n \u0111\u0103ng nh\u1eadp, ch\u00fang t\u00f4i c\u0169ng s\u1ebd thi\u1ebft l\u1eadp m\u1ed9t s\u1ed1 cookie \u0111\u1ec3 l\u01b0u th\u00f4ng tin \u0111\u0103ng nh\u1eadp c\u1ee7a b\u1ea1n v\u00e0 l\u1ef1a ch\u1ecdn hi\u1ec3n th\u1ecb m\u00e0n h\u00ecnh c\u1ee7a b\u1ea1n. Cookie \u0111\u0103ng nh\u1eadp s\u1ebd t\u1ed3n t\u1ea1i trong hai ng\u00e0y, v\u00e0 cookie t\u00f9y ch\u1ecdn m\u00e0n h\u00ecnh s\u1ebd t\u1ed3n t\u1ea1i trong m\u1ed9t n\u0103m. N\u1ebfu b\u1ea1n ch\u1ecdn \u201cNh\u1edb t\u00f4i\u201d, vi\u1ec7c \u0111\u0103ng nh\u1eadp c\u1ee7a b\u1ea1n s\u1ebd k\u00e9o d\u00e0i trong hai tu\u1ea7n. N\u1ebfu b\u1ea1n \u0111\u0103ng xu\u1ea5t kh\u1ecfi t\u00e0i kho\u1ea3n, c\u00e1c cookie \u0111\u0103ng nh\u1eadp s\u1ebd b\u1ecb x\u00f3a.<\/p>\r\n\r\n\r\n\r\n<p>N\u1ebfu b\u1ea1n ch\u1ec9nh s\u1eeda ho\u1eb7c xu\u1ea5t b\u1ea3n m\u1ed9t b\u00e0i vi\u1ebft, m\u1ed9t cookie b\u1ed5 sung s\u1ebd \u0111\u01b0\u1ee3c l\u01b0u trong tr\u00ecnh duy\u1ec7t c\u1ee7a b\u1ea1n. Cookie n\u00e0y kh\u00f4ng ch\u1ee9a d\u1eef li\u1ec7u c\u00e1 nh\u00e2n v\u00e0 ch\u1ec9 \u0111\u01a1n gi\u1ea3n cho bi\u1ebft ID b\u00e0i vi\u1ebft c\u1ee7a b\u00e0i vi\u1ebft b\u1ea1n v\u1eeba ch\u1ec9nh s\u1eeda. N\u00f3 s\u1ebd h\u1ebft h\u1ea1n sau 1 ng\u00e0y.<\/p>\r\n\r\n\r\n\r\n<h2 class=\"wp-block-heading\">N\u1ed9i dung nh\u00fang t\u1eeb c\u00e1c trang web kh\u00e1c<\/h2>\r\n\r\n\r\n\r\n<p><strong class=\"privacy-policy-tutorial\">V\u0103n b\u1ea3n g\u1ee3i \u00fd: <\/strong>C\u00e1c b\u00e0i vi\u1ebft tr\u00ean trang n\u00e0y c\u00f3 th\u1ec3 bao g\u1ed3m n\u1ed9i dung nh\u00fang (v\u00ed d\u1ee5: video, h\u00ecnh \u1ea3nh, b\u00e0i vi\u1ebft, v.v.). N\u1ed9i dung nh\u00fang t\u1eeb c\u00e1c trang web kh\u00e1c ho\u1ea1t \u0111\u1ed9ng gi\u1ed1ng h\u1ec7t nh\u01b0 n\u1ebfu kh\u00e1ch truy c\u1eadp \u0111\u00e3 truy c\u1eadp trang web kh\u00e1c \u0111\u00f3.<\/p>\r\n\r\n\r\n\r\n<p>C\u00e1c trang web n\u00e0y c\u00f3 th\u1ec3 thu th\u1eadp d\u1eef li\u1ec7u v\u1ec1 b\u1ea1n, s\u1eed d\u1ee5ng cookie, nh\u00fang theo d\u00f5i b\u00ean th\u1ee9 ba b\u1ed5 sung v\u00e0 theo d\u00f5i t\u01b0\u01a1ng t\u00e1c c\u1ee7a b\u1ea1n v\u1edbi n\u1ed9i dung nh\u00fang \u0111\u00f3, bao g\u1ed3m theo d\u00f5i t\u01b0\u01a1ng t\u00e1c c\u1ee7a b\u1ea1n v\u1edbi n\u1ed9i dung nh\u00fang n\u1ebfu b\u1ea1n c\u00f3 t\u00e0i kho\u1ea3n v\u00e0 \u0111\u00e3 \u0111\u0103ng nh\u1eadp v\u00e0o trang web \u0111\u00f3.<\/p>\r\n\r\n\r\n\r\n<h2 class=\"wp-block-heading\">Ch\u00fang t\u00f4i chia s\u1ebb d\u1eef li\u1ec7u c\u1ee7a b\u1ea1n v\u1edbi ai<\/h2>\r\n\r\n\r\n\r\n<p><strong class=\"privacy-policy-tutorial\">V\u0103n b\u1ea3n g\u1ee3i \u00fd: <\/strong>N\u1ebfu b\u1ea1n y\u00eau c\u1ea7u \u0111\u1eb7t l\u1ea1i m\u1eadt kh\u1ea9u, \u0111\u1ecba ch\u1ec9 IP c\u1ee7a b\u1ea1n s\u1ebd \u0111\u01b0\u1ee3c bao g\u1ed3m trong email \u0111\u1eb7t l\u1ea1i.<\/p>\r\n\r\n\r\n\r\n<h2 class=\"wp-block-heading\">Ch\u00fang t\u00f4i gi\u1eef d\u1eef li\u1ec7u c\u1ee7a b\u1ea1n trong bao l\u00e2u<\/h2>\r\n\r\n\r\n\r\n<p><strong class=\"privacy-policy-tutorial\">V\u0103n b\u1ea3n g\u1ee3i \u00fd: <\/strong>N\u1ebfu b\u1ea1n \u0111\u1ec3 l\u1ea1i m\u1ed9t b\u00ecnh lu\u1eadn, b\u00ecnh lu\u1eadn v\u00e0 si\u00eau d\u1eef li\u1ec7u c\u1ee7a n\u00f3 s\u1ebd \u0111\u01b0\u1ee3c gi\u1eef l\u1ea1i v\u00f4 th\u1eddi h\u1ea1n. \u0110i\u1ec1u n\u00e0y nh\u1eb1m gi\u00fap ch\u00fang t\u00f4i nh\u1eadn di\u1ec7n v\u00e0 ph\u00ea duy\u1ec7t b\u1ea5t k\u1ef3 b\u00ecnh lu\u1eadn theo sau n\u00e0o t\u1ef1 \u0111\u1ed9ng thay v\u00ec gi\u1eef ch\u00fang trong h\u00e0ng ch\u1edd ki\u1ec3m duy\u1ec7t.<\/p>\r\n\r\n\r\n\r\n<p>\u0110\u1ed1i v\u1edbi ng\u01b0\u1eddi d\u00f9ng \u0111\u0103ng k\u00fd tr\u00ean trang web c\u1ee7a ch\u00fang t\u00f4i (n\u1ebfu c\u00f3), ch\u00fang t\u00f4i c\u0169ng l\u01b0u gi\u1eef th\u00f4ng tin c\u00e1 nh\u00e2n m\u00e0 h\u1ecd cung c\u1ea5p trong h\u1ed3 s\u01a1 ng\u01b0\u1eddi d\u00f9ng c\u1ee7a h\u1ecd. T\u1ea5t c\u1ea3 ng\u01b0\u1eddi d\u00f9ng c\u00f3 th\u1ec3 xem, ch\u1ec9nh s\u1eeda, ho\u1eb7c x\u00f3a th\u00f4ng tin c\u00e1 nh\u00e2n c\u1ee7a m\u00ecnh b\u1ea5t c\u1ee9 l\u00fac n\u00e0o (tr\u1eeb khi h\u1ecd kh\u00f4ng th\u1ec3 thay \u0111\u1ed5i t\u00ean ng\u01b0\u1eddi d\u00f9ng c\u1ee7a m\u00ecnh). C\u00e1c qu\u1ea3n tr\u1ecb vi\u00ean trang web c\u0169ng c\u00f3 th\u1ec3 xem v\u00e0 ch\u1ec9nh s\u1eeda th\u00f4ng tin \u0111\u00f3.<\/p>\r\n\r\n\r\n\r\n<h2 class=\"wp-block-heading\">B\u1ea1n c\u00f3 quy\u1ec1n g\u00ec \u0111\u1ed1i v\u1edbi d\u1eef li\u1ec7u c\u1ee7a b\u1ea1n<\/h2>\r\n\r\n\r\n\r\n<p><strong class=\"privacy-policy-tutorial\">V\u0103n b\u1ea3n g\u1ee3i \u00fd: <\/strong>N\u1ebfu b\u1ea1n c\u00f3 m\u1ed9t t\u00e0i kho\u1ea3n tr\u00ean trang n\u00e0y, ho\u1eb7c \u0111\u00e3 \u0111\u1ec3 l\u1ea1i b\u00ecnh lu\u1eadn, b\u1ea1n c\u00f3 th\u1ec3 y\u00eau c\u1ea7u nh\u1eadn m\u1ed9t t\u1ec7p xu\u1ea5t d\u1eef li\u1ec7u c\u00e1 nh\u00e2n m\u00e0 ch\u00fang t\u00f4i gi\u1eef v\u1ec1 b\u1ea1n, bao g\u1ed3m b\u1ea5t k\u1ef3 d\u1eef li\u1ec7u n\u00e0o b\u1ea1n \u0111\u00e3 cung c\u1ea5p cho ch\u00fang t\u00f4i. B\u1ea1n c\u0169ng c\u00f3 th\u1ec3 y\u00eau c\u1ea7u ch\u00fang t\u00f4i x\u00f3a b\u1ea5t k\u1ef3 d\u1eef li\u1ec7u c\u00e1 nh\u00e2n n\u00e0o m\u00e0 ch\u00fang t\u00f4i gi\u1eef v\u1ec1 b\u1ea1n. \u0110i\u1ec1u n\u00e0y kh\u00f4ng bao g\u1ed3m b\u1ea5t k\u1ef3 d\u1eef li\u1ec7u n\u00e0o m\u00e0 ch\u00fang t\u00f4i c\u00f3 ngh\u0129a v\u1ee5 ph\u1ea3i gi\u1eef cho c\u00e1c m\u1ee5c \u0111\u00edch qu\u1ea3n l\u00fd, ph\u00e1p l\u00fd ho\u1eb7c b\u1ea3o m\u1eadt.<\/p>\r\n\r\n\r\n\r\n<h2 class=\"wp-block-heading\">D\u1eef li\u1ec7u c\u1ee7a b\u1ea1n \u0111\u01b0\u1ee3c g\u1eedi \u0111i \u0111\u00e2u<\/h2>\r\n\r\n\r\n\r\n<p><strong class=\"privacy-policy-tutorial\">V\u0103n b\u1ea3n g\u1ee3i \u00fd: <\/strong>C\u00e1c b\u00ecnh lu\u1eadn c\u1ee7a kh\u00e1ch c\u00f3 th\u1ec3 \u0111\u01b0\u1ee3c ki\u1ec3m tra th\u00f4ng qua m\u1ed9t d\u1ecbch v\u1ee5 ph\u00e1t hi\u1ec7n spam t\u1ef1 \u0111\u1ed9ng.<\/p>\r\n\r\n<p>&nbsp;<\/p>","protected":false},"excerpt":{"rendered":"<p>Who we are Suggested text: Our website address is: https:\/\/gasboosterpump.com. Comments Suggested text: When visitors leave comments on the site we collect the data shown in the comments form, and also the visitor\u2019s IP address and browser user agent string to help spam detection. An anonymized string created from your email address (also called a [&hellip;]<\/p>\n","protected":false},"author":1,"featured_media":0,"parent":0,"menu_order":0,"comment_status":"closed","ping_status":"closed","template":"privacy.php","meta":{"_acf_changed":false,"footnotes":""},"class_list":["post-2784","page","type-page","status-publish","hentry"],"acf":[],"_links":{"self":[{"href":"https:\/\/gasboosterpump.com\/vi\/wp-json\/wp\/v2\/pages\/2784","targetHints":{"allow":["GET"]}}],"collection":[{"href":"https:\/\/gasboosterpump.com\/vi\/wp-json\/wp\/v2\/pages"}],"about":[{"href":"https:\/\/gasboosterpump.com\/vi\/wp-json\/wp\/v2\/types\/page"}],"author":[{"embeddable":true,"href":"https:\/\/gasboosterpump.com\/vi\/wp-json\/wp\/v2\/users\/1"}],"replies":[{"embeddable":true,"href":"https:\/\/gasboosterpump.com\/vi\/wp-json\/wp\/v2\/comments?post=2784"}],"version-history":[{"count":1,"href":"https:\/\/gasboosterpump.com\/vi\/wp-json\/wp\/v2\/pages\/2784\/revisions"}],"predecessor-version":[{"id":2785,"href":"https:\/\/gasboosterpump.com\/vi\/wp-json\/wp\/v2\/pages\/2784\/revisions\/2785"}],"wp:attachment":[{"href":"https:\/\/gasboosterpump.com\/vi\/wp-json\/wp\/v2\/media?parent=2784"}],"curies":[{"name":"wp","href":"https:\/\/api.w.org\/{rel}","templated":true}]}}